{"id":191,"date":"2024-11-09T01:33:30","date_gmt":"2024-11-09T04:33:30","guid":{"rendered":"https:\/\/despertares.ar\/publicaciones\/colibri-wp"},"modified":"2026-03-19T19:22:53","modified_gmt":"2026-03-19T22:22:53","slug":"sobre-nora-ga","status":"publish","type":"page","link":"https:\/\/despertares.ar\/publicaciones\/","title":{"rendered":"Sobre Nora Ga"},"content":{"rendered":"\n<div class=\"wp-block-group\"><div class=\"wp-block-group__inner-container is-layout-constrained wp-block-group-is-layout-constrained\"><div class=\"wp-block-image\">\n<figure class=\"aligncenter size-full is-resized\"><a href=\"https:\/\/despertares.ar\/publicaciones\/107\"><img loading=\"lazy\" decoding=\"async\" width=\"2048\" height=\"1536\" src=\"https:\/\/despertares.ar\/publicaciones\/wp-content\/uploads\/2024\/11\/IMG_20230606_163256.jpg\" alt=\"\" class=\"wp-image-54\" style=\"width:402px;height:auto\"\/><\/a><\/figure>\n<\/div>\n\n\n<p>\u00a1Aloha!, soy Nora, sagitariana con ascendente en Acuario, transitando como muchos, historias de vida\u2026<\/p>\n\n\n\n<p>Al tener una enfermedad al limite en el 2014 hizo comenzar mi despertar de consciencia, y de all\u00ed, mi consciencia comenz\u00f3 a preguntarse, \u00bfque hago en este planeta y que hago con mi vida?, decidi explorar, leer, estudiar, desde lo autodidactico y comprender como se conforma la consciencia , todo lo que vamos experimentando en la vida y en el dia a dia.<\/p>\n\n\n\n<p>Agradecer cada amanacer: es la gratitud del comenzar a comprender, mi yo soy, yo soy el que soy, es la esencia divina desde eones de vidas.<\/p>\n\n\n\n<p>Elevar las frecuencias de mi ser, cayendo, levantandome y dejando muchas tristezas, culpas, y darme cuenta, que soy yo misma la creadora de todo mi campo y asi ser un rio catalizador de frecuencias.<\/p>\n\n\n\n<p>Y asi estar al servicio a todas las personas que transitan a traves de &nbsp;las terapias alternativas, holisticas , y llevarnos a la ense\u00f1anza de ser uno con el universo y trascender nuestro cuerpo denso fisico en elevacion de frecuencias, para este planeta Gaia, Urantia, Terra , Tierra, &nbsp;que va evolucionando<\/p>\n\n\n\n<p>Todo es, todo somos, en unidad<\/p>\n<\/div><\/div>\n\n\n\n<div style=\"height:100px\" aria-hidden=\"true\" class=\"wp-block-spacer\"><\/div>\n\n\n\n<div class=\"wp-block-group\"><div class=\"wp-block-group__inner-container is-layout-constrained wp-block-group-is-layout-constrained\">\n<h2 class=\"wp-block-heading has-text-align-center\">PARTICIPACIONES<\/h2>\n\n\n\n<ul class=\"wp-block-list\">\n<li><a href=\"https:\/\/www.youtube.com\/watch?v=PL7vDDZ17oM\">\u00daltima nota del a\u00f1o 2025 en Somos Libres TV con Silvina y Julia<\/a><\/li>\n\n\n\n<li><a href=\"https:\/\/www.youtube.com\/watch?v=eDNGa85ZdIM\">Portal 111 en Somos Libres TV con la conducci\u00f3n de Silvina y Julia<\/a><\/li>\n\n\n\n<li><a href=\"https:\/\/www.youtube.com\/watch?v=smOyq7M4qTY\">Meditaci\u00f3n toroidal con Elena Fortabat en su programa Elena F emitido por Somos AMBA<\/a><\/li>\n\n\n\n<li><a href=\"https:\/\/www.youtube.com\/watch?v=2_OPyHJhQ28\">Meditar con el pulso en Somos Libres TV con Silvina y Julia<\/a><\/li>\n\n\n\n<li><a href=\"https:\/\/www.youtube.com\/watch?v=DG1Hg8v1yyk\">Cargas emocionales en Somos Libres TV con Silvina y Julia<\/a><\/li>\n\n\n\n<li><a href=\"https:\/\/www.youtube.com\/watch?v=v-Q9kDdVLAk\">5D en Somos Libres TV con Silvina<\/a><\/li>\n\n\n\n<li><a href=\"https:\/\/www.youtube.com\/watch?v=8k1f3E0OCSo\">Agua solar en Somos Libres TV con Silvina<\/a><\/li>\n\n\n\n<li><a href=\"https:\/\/www.youtube.com\/watch?v=yZu-eOn-bLk\">En Somos Libres TV con Silvina<\/a><\/li>\n\n\n\n<li><a href=\"https:\/\/www.youtube.com\/watch?v=7CxlHziY70c\">Meditaci\u00f3n toroidal en Somos Libres TV con Silvina<\/a><\/li>\n\n\n\n<li><a href=\"https:\/\/www.youtube.com\/watch?v=ZLKGbKAzCVQ\">En Somos Libres TV<\/a><\/li>\n\n\n\n<li><a href=\"https:\/\/youtu.be\/CtgRKgtuqaY\">Invitada en Radio Coaching<\/a><\/li>\n\n\n\n<li><a href=\"https:\/\/youtu.be\/P696SmcmgsA\">EEI COSTA RICA 2024, Ponente Nora Ga, con portal 888<\/a><\/li>\n\n\n\n<li><a href=\"https:\/\/www.youtube.com\/watch?v=q3fcA3pFnjY\">Ponencia en la Universidad UTIE, transforma tus creencias limitantes<\/a><\/li>\n<\/ul>\n<\/div><\/div>\n\n\n\n<p id=\"isPasted\">Tambi\u00e9n hice talleres de Ho\u2019oponopono, de healing, constelaciones, y muchas m\u00e1s.<\/p>\n\n\n\n<div style=\"height:100px\" aria-hidden=\"true\" class=\"wp-block-spacer\"><\/div>\n\n\n\n<div class=\"wp-block-group\"><div class=\"wp-block-group__inner-container is-layout-constrained wp-block-group-is-layout-constrained\">\n<h2 class=\"wp-block-heading has-text-align-center\">AGUA SOLARIZADA<\/h2>\n\n\n<div class=\"wp-block-image\">\n<figure class=\"aligncenter size-full is-resized\"><img loading=\"lazy\" decoding=\"async\" width=\"2448\" height=\"3264\" src=\"https:\/\/despertares.ar\/publicaciones\/wp-content\/uploads\/2024\/11\/agua-solar-botellon.jpg\" alt=\"\" class=\"wp-image-374\" style=\"width:349px;height:auto\"\/><\/figure>\n<\/div>\n\n\n<p><a><\/a>Preparamos con una botella azul oscuro ,la llenamos de agua y colocamos en el sol por 20 minutos.<\/p>\n\n\n\n<p>Los rayos infrarrojos al atravesar el azul de la botella calientan las mol\u00e9culas del agua y esta toma vida, eliminando cualquier tipo de bacteria, cloro, el efecto es asombroso, el sol provoca un grado de 5000 a 5500 K (kelvin) y se transforma en 7000 K, y eleva su graduaci\u00f3n a la tierra en el momento de su creaci\u00f3n.<\/p>\n\n\n\n<p>Entonces el agua al dinamizarse, transmutarse, recupera su memoria ancestral y potencia en nuestro cuerpo limpiando y borrando memorias.<\/p>\n\n\n\n<p>Puedas trasvasar el agua a un botellon de 5 L de plastico asi siempre tienes agua, y la puedes utilizar bebiendo la todos los dias con la intencion de limpiar e intencionar , tambien regar las plantas , pon para lavar verduras y frutas y tambien notaras diferencias con el agua comun., y en todo lo utilizable y ver los cambios, puedes utilizar en todo hasta para limpiar los pisos, pon un chorro en el agua comun y en el balde y todo cambia<\/p>\n\n\n\n<p>aqui tienes como la energia hierve dentro de ella es bellisimo, y ademas comprenderas como el sol la fuente trabaja<\/p>\n<\/div><\/div>\n\n\n\n<div style=\"height:100px\" aria-hidden=\"true\" class=\"wp-block-spacer\"><\/div>\n\n\n\n<div class=\"wp-block-group\"><div class=\"wp-block-group__inner-container is-layout-constrained wp-block-group-is-layout-constrained\">\n<h2 class=\"wp-block-heading has-text-align-center\">M\u00c9TODO TAIM<\/h2>\n\n\n\n<p>Terapia meditativa con el coraz\u00f3n y catalizando frecuencias, morfogeneticamente, para cualquier tipo de situaciones bloqueos terrenales y c\u00f3smicos<\/p>\n\n\n\n<figure class=\"wp-block-gallery has-nested-images columns-default is-cropped wp-block-gallery-1 is-layout-flex wp-block-gallery-is-layout-flex\">\n<figure class=\"wp-block-image size-large\"><img loading=\"lazy\" decoding=\"async\" width=\"4000\" height=\"2250\" data-id=\"369\" src=\"https:\/\/despertares.ar\/publicaciones\/wp-content\/uploads\/2024\/11\/20241103_104032.jpg\" alt=\"\" class=\"wp-image-369\"\/><\/figure>\n\n\n\n<figure class=\"wp-block-image size-large\"><img loading=\"lazy\" decoding=\"async\" width=\"4000\" height=\"2250\" data-id=\"370\" src=\"https:\/\/despertares.ar\/publicaciones\/wp-content\/uploads\/2024\/11\/20241103_134920.jpg\" alt=\"\" class=\"wp-image-370\"\/><\/figure>\n\n\n\n<figure class=\"wp-block-image size-large\"><img loading=\"lazy\" decoding=\"async\" width=\"4000\" height=\"2250\" data-id=\"371\" src=\"https:\/\/despertares.ar\/publicaciones\/wp-content\/uploads\/2024\/11\/20241103_1444311.jpg\" alt=\"\" class=\"wp-image-371\"\/><\/figure>\n\n\n\n<figure class=\"wp-block-image size-large\"><img loading=\"lazy\" decoding=\"async\" width=\"1204\" height=\"1600\" data-id=\"1234\" src=\"https:\/\/despertares.ar\/publicaciones\/wp-content\/uploads\/2025\/02\/IMG-20250202-WA0114.jpg\" alt=\"\" class=\"wp-image-1234\"\/><\/figure>\n\n\n\n<figure class=\"wp-block-image size-large\"><img loading=\"lazy\" decoding=\"async\" width=\"960\" height=\"1280\" data-id=\"1236\" src=\"https:\/\/despertares.ar\/publicaciones\/wp-content\/uploads\/2025\/02\/IMG-20250202-WA0066.jpg\" alt=\"\" class=\"wp-image-1236\"\/><\/figure>\n\n\n\n<figure class=\"wp-block-image size-large\"><img loading=\"lazy\" decoding=\"async\" width=\"1204\" height=\"1600\" data-id=\"1235\" src=\"https:\/\/despertares.ar\/publicaciones\/wp-content\/uploads\/2025\/02\/IMG-20250202-WA0124.jpg\" alt=\"\" class=\"wp-image-1235\"\/><\/figure>\n<\/figure>\n<\/div><\/div>\n\n\n\n<div style=\"height:100px\" aria-hidden=\"true\" class=\"wp-block-spacer\"><\/div>\n\n\n\n<div class=\"wp-block-group\"><div class=\"wp-block-group__inner-container is-layout-constrained wp-block-group-is-layout-constrained\">\n<h2 class=\"wp-block-heading has-text-align-center\">TRABAJO INTERNO<\/h2>\n\n\n\n<p>En estas fotos ver\u00e1n las frecuencias que entran en mi cuerpo, enviadas por el sol, en fotones creando el campo electromagn\u00e9tico.<\/p>\n\n\n\n<figure class=\"wp-block-gallery has-nested-images columns-default is-cropped wp-block-gallery-2 is-layout-flex wp-block-gallery-is-layout-flex\">\n<figure class=\"wp-block-image size-large\"><img loading=\"lazy\" decoding=\"async\" width=\"1200\" height=\"1600\" data-id=\"298\" src=\"https:\/\/despertares.ar\/publicaciones\/wp-content\/uploads\/2024\/11\/IMG_20201214_185252.jpg\" alt=\"\" class=\"wp-image-298\"\/><\/figure>\n\n\n\n<figure class=\"wp-block-image size-large\"><img loading=\"lazy\" decoding=\"async\" width=\"1200\" height=\"1600\" data-id=\"301\" src=\"https:\/\/despertares.ar\/publicaciones\/wp-content\/uploads\/2024\/11\/IMG_20201216_071223.jpg\" alt=\"\" class=\"wp-image-301\"\/><\/figure>\n\n\n\n<figure class=\"wp-block-image size-large\"><img loading=\"lazy\" decoding=\"async\" width=\"1920\" height=\"2560\" data-id=\"302\" src=\"https:\/\/despertares.ar\/publicaciones\/wp-content\/uploads\/2024\/11\/IMG_20210811_172534.jpg\" alt=\"\" class=\"wp-image-302\"\/><\/figure>\n\n\n\n<figure class=\"wp-block-image size-large\"><img loading=\"lazy\" decoding=\"async\" width=\"2448\" height=\"3264\" data-id=\"304\" src=\"https:\/\/despertares.ar\/publicaciones\/wp-content\/uploads\/2024\/11\/IMG_20230610_081443971.jpg\" alt=\"\" class=\"wp-image-304\"\/><\/figure>\n\n\n\n<figure class=\"wp-block-image size-large\"><img loading=\"lazy\" decoding=\"async\" width=\"576\" height=\"576\" data-id=\"297\" src=\"https:\/\/despertares.ar\/publicaciones\/wp-content\/uploads\/2024\/11\/IMG_20240713_120340_759.webp\" alt=\"\" class=\"wp-image-297\"\/><\/figure>\n\n\n\n<figure class=\"wp-block-image size-large\"><img loading=\"lazy\" decoding=\"async\" width=\"1104\" height=\"1472\" data-id=\"299\" src=\"https:\/\/despertares.ar\/publicaciones\/wp-content\/uploads\/2024\/11\/IMG-20230806-WA0037.jpg\" alt=\"\" class=\"wp-image-299\"\/><\/figure>\n\n\n\n<figure class=\"wp-block-image size-large\"><img loading=\"lazy\" decoding=\"async\" width=\"720\" height=\"1280\" data-id=\"300\" src=\"https:\/\/despertares.ar\/publicaciones\/wp-content\/uploads\/2024\/11\/IMG-20241027-WA0008.jpg\" alt=\"\" class=\"wp-image-300\"\/><\/figure>\n<\/figure>\n\n\n\n<p>Las frecuencias, vibraci\u00f3n, son lo que somos, es importante elevar en nuestro campo y elevar mas en meditaci\u00f3n toroidal y ciclos de nuestras vidas, van cambiando cuando estamos en introspecci\u00f3n al ser uno.<\/p>\n\n\n\n<p>En meditaci\u00f3n o cuando uno duerme el cuerpo sigue su labor en otras esferas, planos, dimensiones y nos env\u00edan esos c\u00f3digos para plasmar en nosotros o plasmar en personas que deban ser asistidas para su sanaci\u00f3n.<\/p>\n\n\n\n<p><br>Recuerden solo sana el que realmente quiere, el libre albedr\u00edo no se toca.<\/p>\n\n\n\n<p><br>Todos somos uno y tenemos la capacidad de conectar con nuestra divinidad, ella esta en mi, no fuera, yo soy el que soy<\/p>\n\n\n\n<p><br>Trabajar, meditar, comprender, traspasar el limite de la irrealidad, es la fuente de todo lo ES.<\/p>\n\n\n\n<p>Amor &nbsp;a nosotros mismos es la base de la pir\u00e1mide, construir, empatizar, ser humilde, misericordioso, amable, respetuoso ante nosotros mismos.<\/p>\n\n\n\n<p>Frecuencias y c\u00f3digos de luz<\/p>\n\n\n<div class=\"wp-block-image\">\n<figure class=\"aligncenter size-full is-resized\"><img loading=\"lazy\" decoding=\"async\" width=\"1920\" height=\"2560\" src=\"https:\/\/despertares.ar\/publicaciones\/wp-content\/uploads\/2024\/11\/IMG_20210916_152901.jpg\" alt=\"\" class=\"wp-image-303\" style=\"width:355px;height:auto\"\/><\/figure>\n<\/div>\n\n\n<p>Frecuencias y asistencia rayo violeta, Saint Germain<\/p>\n\n\n<div class=\"wp-block-image\">\n<figure class=\"aligncenter size-full is-resized\"><img loading=\"lazy\" decoding=\"async\" width=\"960\" height=\"1280\" src=\"https:\/\/despertares.ar\/publicaciones\/wp-content\/uploads\/2024\/11\/rese.jpg\" alt=\"\" class=\"wp-image-310\" style=\"width:344px;height:auto\"\/><\/figure>\n<\/div>\n\n\n<p>En estas fotos, como llegan los c\u00f3digos de luz para plasmar en nuestro cuerpo y utilizar en el momento que se necesite<\/p>\n\n\n\n<figure class=\"wp-block-gallery has-nested-images columns-default is-cropped wp-block-gallery-3 is-layout-flex wp-block-gallery-is-layout-flex\">\n<figure class=\"wp-block-image size-large\"><img loading=\"lazy\" decoding=\"async\" width=\"1080\" height=\"1080\" data-id=\"312\" src=\"https:\/\/despertares.ar\/publicaciones\/wp-content\/uploads\/2024\/11\/7.jpg\" alt=\"\" class=\"wp-image-312\"\/><\/figure>\n\n\n\n<figure class=\"wp-block-image size-large\"><img loading=\"lazy\" decoding=\"async\" width=\"346\" height=\"352\" data-id=\"311\" src=\"https:\/\/despertares.ar\/publicaciones\/wp-content\/uploads\/2024\/11\/codigo-sagrado.png\" alt=\"\" class=\"wp-image-311\"\/><\/figure>\n\n\n\n<figure class=\"wp-block-image size-large\"><img loading=\"lazy\" decoding=\"async\" width=\"1080\" height=\"1080\" data-id=\"313\" src=\"https:\/\/despertares.ar\/publicaciones\/wp-content\/uploads\/2024\/11\/frecuencia-5255.jpg\" alt=\"\" class=\"wp-image-313\"\/><\/figure>\n<\/figure>\n\n\n\n<p>A traves del camino vamos tejiendo redes con nuestras hermanas almas y en ese transitar, <a href=\"https:\/\/despertares.ar\/publicaciones\/1149\" data-type=\"post\" data-id=\"1149\">Siris Romina<\/a> me a regalado uno de los or\u00edgenes estelares a trav\u00e9s de las frecuencias del p\u00e9ndulo<\/p>\n\n\n<div class=\"wp-block-image\">\n<figure class=\"aligncenter size-full is-resized\"><img loading=\"lazy\" decoding=\"async\" width=\"960\" height=\"1280\" src=\"https:\/\/despertares.ar\/publicaciones\/wp-content\/uploads\/2024\/11\/IMG-20221107-WA0053-1.jpg\" alt=\"\" class=\"wp-image-315\" style=\"width:253px;height:auto\"\/><\/figure>\n<\/div>\n\n\n<p>Muchas almas a trav\u00e9s del arte c\u00f3smico, pintan lo lugares de donde venimos como <a href=\"https:\/\/instagram.com\/inaun.arte\">Sandra Pallone<\/a><\/p>\n\n\n\n<figure class=\"wp-block-gallery has-nested-images columns-default is-cropped wp-block-gallery-4 is-layout-flex wp-block-gallery-is-layout-flex\">\n<figure class=\"wp-block-image size-large\"><img loading=\"lazy\" decoding=\"async\" width=\"2654\" height=\"1884\" data-id=\"318\" src=\"https:\/\/despertares.ar\/publicaciones\/wp-content\/uploads\/2024\/11\/cuadro-sandra-pallero-citta-arcobalente-70x50-recortada.jpg\" alt=\"\" class=\"wp-image-318\"\/><\/figure>\n\n\n\n<figure class=\"wp-block-image size-large\"><img loading=\"lazy\" decoding=\"async\" width=\"1933\" height=\"2586\" data-id=\"319\" src=\"https:\/\/despertares.ar\/publicaciones\/wp-content\/uploads\/2024\/11\/cuadro-sandra-pallero-mirando-el-cielo-30x40-recortada.jpg\" alt=\"\" class=\"wp-image-319\"\/><\/figure>\n\n\n\n<figure class=\"wp-block-image size-large\"><img loading=\"lazy\" decoding=\"async\" width=\"2584\" height=\"1935\" data-id=\"320\" src=\"https:\/\/despertares.ar\/publicaciones\/wp-content\/uploads\/2024\/11\/cuadro-sandra-pallero-vean-40x30-recortada.jpg\" alt=\"\" class=\"wp-image-320\"\/><\/figure>\n<\/figure>\n<\/div><\/div>\n\n\n\n<div style=\"height:100px\" aria-hidden=\"true\" class=\"wp-block-spacer\"><\/div>\n\n\n\n<div class=\"wp-block-group\"><div class=\"wp-block-group__inner-container is-layout-constrained wp-block-group-is-layout-constrained\">\n<h2 class=\"wp-block-heading has-text-align-center\">RADIO<\/h2>\n\n\n\n<p id=\"isPasted\">Mi comienzo en la radio fue para transmitir el cambio de consciencia, con diferentes invitados nacionales e internacionales sobre los siguientes medios:<\/p>\n\n\n\n<ul class=\"wp-block-list\">\n<li><a href=\"https:\/\/mgradio.com.ar\">MG Radio<\/a>, noviembre del 2020 a agosto del 2023<\/li>\n\n\n\n<li><a href=\"https:\/\/radiomonk.com.ar\">Radio Monk<\/a>, septiembre del 2023 a noviembre del 2024<\/li>\n\n\n\n<li>Desde Casa, diciembre 2024 hasta hoy<\/li>\n<\/ul>\n<\/div><\/div>\n\n\n\n<div style=\"height:100px\" aria-hidden=\"true\" class=\"wp-block-spacer\"><\/div>\n\n\n\n<div class=\"wp-block-group\"><div class=\"wp-block-group__inner-container is-layout-constrained wp-block-group-is-layout-constrained\">\n<h2 class=\"wp-block-heading has-text-align-center\">MI CREACI\u00d3N<\/h2>\n\n\n\n<p class=\"has-text-align-center\"><a href=\"https:\/\/despertares.ar\/publicaciones\/160\">Despertares<\/a><\/p>\n\n\n<div class=\"wp-block-image\">\n<figure class=\"aligncenter size-full\"><a href=\"https:\/\/despertares.ar\/publicaciones\/160\"><img loading=\"lazy\" decoding=\"async\" width=\"276\" height=\"276\" src=\"https:\/\/despertares.ar\/publicaciones\/wp-content\/uploads\/2024\/11\/logotipo-despertares-1.png\" alt=\"\" class=\"wp-image-60\"\/><\/a><\/figure>\n<\/div><\/div><\/div>\n","protected":false},"excerpt":{"rendered":"<p>\u00a1Aloha!, soy Nora, sagitariana con ascendente en Acuario, transitando como muchos, historias de vida\u2026 Al tener una enfermedad al limite en el 2014 hizo comenzar mi despertar de consciencia, y de all\u00ed, mi consciencia comenz\u00f3 a preguntarse, \u00bfque hago en &hellip;<\/p>\n<p class=\"read-more\"> <a class=\"more-link\" href=\"https:\/\/despertares.ar\/publicaciones\/\"> <span class=\"screen-reader-text\">Sobre Nora Ga<\/span> Leer m\u00e1s \u00bb<\/a><\/p>\n","protected":false},"author":2,"featured_media":0,"parent":0,"menu_order":0,"comment_status":"closed","ping_status":"closed","template":"","meta":{"footnotes":""},"class_list":["post-191","page","type-page","status-publish","hentry"],"_links":{"self":[{"href":"https:\/\/despertares.ar\/publicaciones\/wp-json\/wp\/v2\/pages\/191","targetHints":{"allow":["GET"]}}],"collection":[{"href":"https:\/\/despertares.ar\/publicaciones\/wp-json\/wp\/v2\/pages"}],"about":[{"href":"https:\/\/despertares.ar\/publicaciones\/wp-json\/wp\/v2\/types\/page"}],"author":[{"embeddable":true,"href":"https:\/\/despertares.ar\/publicaciones\/wp-json\/wp\/v2\/users\/2"}],"replies":[{"embeddable":true,"href":"https:\/\/despertares.ar\/publicaciones\/wp-json\/wp\/v2\/comments?post=191"}],"version-history":[{"count":61,"href":"https:\/\/despertares.ar\/publicaciones\/wp-json\/wp\/v2\/pages\/191\/revisions"}],"predecessor-version":[{"id":3962,"href":"https:\/\/despertares.ar\/publicaciones\/wp-json\/wp\/v2\/pages\/191\/revisions\/3962"}],"wp:attachment":[{"href":"https:\/\/despertares.ar\/publicaciones\/wp-json\/wp\/v2\/media?parent=191"}],"curies":[{"name":"wp","href":"https:\/\/api.w.org\/{rel}","templated":true}]}}